{"id":2183,"date":"2023-02-02T19:52:39","date_gmt":"2023-02-02T18:52:39","guid":{"rendered":"https:\/\/arhitektonskiatelje.com\/mladen-durovic-phd\/"},"modified":"2023-03-21T12:17:27","modified_gmt":"2023-03-21T11:17:27","slug":"mladen-durovic-phd","status":"publish","type":"page","link":"https:\/\/arhitektonskiatelje.com\/en\/mladen-durovic-phd\/","title":{"rendered":"Mladen \u0110urovi\u0107, PhD"},"content":{"rendered":"\t\t<div data-elementor-type=\"wp-page\" data-elementor-id=\"2183\" class=\"elementor elementor-2183 elementor-1240\" data-elementor-post-type=\"page\">\n\t\t\t\t<div class=\"elementor-element elementor-element-a2ddec9 e-con-full e-flex e-con e-parent\" data-id=\"a2ddec9\" data-element_type=\"container\" data-e-type=\"container\" data-settings=\"{&quot;jet_parallax_layout_list&quot;:[],&quot;background_background&quot;:&quot;slideshow&quot;,&quot;background_slideshow_gallery&quot;:[{&quot;id&quot;:53,&quot;url&quot;:&quot;https:\\\/\\\/arhitektonskiatelje.com\\\/wp-content\\\/uploads\\\/aa_office_2.jpg&quot;},{&quot;id&quot;:55,&quot;url&quot;:&quot;https:\\\/\\\/arhitektonskiatelje.com\\\/wp-content\\\/uploads\\\/aa_office_3.jpg&quot;},{&quot;id&quot;:57,&quot;url&quot;:&quot;https:\\\/\\\/arhitektonskiatelje.com\\\/wp-content\\\/uploads\\\/aa_office_4.jpg&quot;},{&quot;id&quot;:59,&quot;url&quot;:&quot;https:\\\/\\\/arhitektonskiatelje.com\\\/wp-content\\\/uploads\\\/aa_office_5.jpg&quot;},{&quot;id&quot;:63,&quot;url&quot;:&quot;https:\\\/\\\/arhitektonskiatelje.com\\\/wp-content\\\/uploads\\\/aa_office_7.jpg&quot;},{&quot;id&quot;:65,&quot;url&quot;:&quot;https:\\\/\\\/arhitektonskiatelje.com\\\/wp-content\\\/uploads\\\/aa_office_8.jpg&quot;},{&quot;id&quot;:51,&quot;url&quot;:&quot;https:\\\/\\\/arhitektonskiatelje.com\\\/wp-content\\\/uploads\\\/aa_office_1-scaled.jpg&quot;},{&quot;id&quot;:82,&quot;url&quot;:&quot;https:\\\/\\\/arhitektonskiatelje.com\\\/wp-content\\\/uploads\\\/aa_office_13.jpg&quot;}],&quot;background_slideshow_slide_duration&quot;:3000,&quot;background_slideshow_loop&quot;:&quot;yes&quot;,&quot;background_slideshow_slide_transition&quot;:&quot;fade&quot;,&quot;background_slideshow_transition_duration&quot;:500}\">\n\t\t\t\t<div class=\"elementor-element elementor-element-cfd7ea0 elementor-invisible elementor-widget elementor-widget-heading\" data-id=\"cfd7ea0\" data-element_type=\"widget\" data-e-type=\"widget\" data-settings=\"{&quot;_animation&quot;:&quot;fadeInLeft&quot;,&quot;_animation_delay&quot;:500}\" data-widget_type=\"heading.default\">\n\t\t\t\t<div class=\"elementor-widget-container\">\n\t\t\t\t\t<h1 class=\"elementor-heading-title elementor-size-default\">Mladen \u0110urovi\u0107, PhD, Arch.<\/h1>\t\t\t\t<\/div>\n\t\t\t\t<\/div>\n\t\t\t\t<\/div>\n\t\t<div class=\"elementor-element elementor-element-65f8682 e-flex e-con-boxed e-con e-parent\" data-id=\"65f8682\" data-element_type=\"container\" data-e-type=\"container\" data-settings=\"{&quot;jet_parallax_layout_list&quot;:[],&quot;background_background&quot;:&quot;classic&quot;}\">\n\t\t\t\t\t<div class=\"e-con-inner\">\n\t\t<div class=\"elementor-element elementor-element-ecc6b04 e-con-full e-flex elementor-invisible e-con e-child\" data-id=\"ecc6b04\" data-element_type=\"container\" data-e-type=\"container\" data-settings=\"{&quot;jet_parallax_layout_list&quot;:[],&quot;animation&quot;:&quot;fadeInUp&quot;}\">\n\t\t\t\t<div class=\"elementor-element elementor-element-775f698 elementor-widget elementor-widget-text-editor\" data-id=\"775f698\" data-element_type=\"widget\" data-e-type=\"widget\" data-widget_type=\"text-editor.default\">\n\t\t\t\t<div class=\"elementor-widget-container\">\n\t\t\t\t\t\t\t\t\t<p>Born on 7 October 1962 in Podgorica, where he completed elementary and high school.<\/p>\n<p>In 1988, he completed undergraduate studies in Architecture at the Faculty of Architecture in Skopje, and in the same institution he also completed the degree of Master in Architecture in 2008. He obtained a PhD in Architecture in 2016 at the Faculty of Civil Engineering and Architecture in Banja Luka.<\/p>\n<p>His working experience started in 1989 at the Institution \u201cCentar\u201d and the National Institute of Urban Planning and Design (RZUP), in the former Titograd at the position of architect. He continued working as an architect in the following companies:<\/p>\n<ul>\n<li>\u201cArcus Project\u201d, Podgorica, 1990;<\/li>\n<li>\u201cArcada\u201d, Belgrade, 1991-1992;<\/li>\n<li>\u201cIncoplan\u201d, Titograd, 1992-1993;<\/li>\n<li>\u201cLov\u0107en Invest\u201d, Podgorica, 1993-1995;<\/li>\n<li>DD \u201cZ&amp;Z\u201d, Podgorica, 1995-1996;<\/li>\n<li>\u201cIncoplan\u201d, Podgorica, 1996-1999;<\/li>\n<li>In 1999, as an architect and Executive Director, he founded \u201cArhitektonski atelje\u201d (Architecture Studio) d.o.o. in Podgorica, where he still works as an architect and runs the company.<\/li>\n<\/ul>\n<p>As a participant, on behalf of the Architecture Studio, he won numerous awards at competitions for architectural and urban planning designs in Montenegro and in the region. Among those are:<\/p>\n<ul>\n<li>Competition for a commercial building in Podgorica \/ Announced by: European Agency for Reconstruction and Agency for Construction and Development of Podgorica \/ 2004 \u2013 First prize;<\/li>\n<li>Competition for the Republic Square (now Independence Square) \/ Announced by: Agency for Construction and Development of Podgorica \/ 2006 \u2013 First prize;<\/li>\n<li>Competition for the Square in Banja Luka \/ Announced by: Integral In\u017eenjering, Banja Luka \/ 2006 \u2013 First prize;<\/li>\n<li>Competition for the Square in Danilovgrad \/ Announced by: Danilovgrad Municipality \/ 2008 \u2013 First prize;<\/li>\n<li>Competition for the elaboration of the conceptual urban-architectural design of the building of the Montenegrin Academy of Sciences and Arts in Podgorica \/ Announced by: Public Works Directorate and the Ministry of Defence \/ 2008 \u2013 First prize;<\/li>\n<li>Competition for the hotel resort Lazaret in Herceg Novi \/ Announced by: Imperio Holdings Limited d.o.o. Herceg Novi \/ 2015 \u2013 First prize;<\/li>\n<li>Competition for the elaboration of the conceptual urban-architectural design of the building of the Montenegrin Academy of Sciences and Arts in Podgorica \/ Announced by: Capital City Podgorica \/ 2017 \u2013 Third prize;<\/li>\n<li>Competition for the elaboration of the conceptual urban-architectural design and the Study with recommendations on the town planning method of the Sadine area in Podgorica \/ Announced by: Capital City Podgorica, in cooperation with the Ministry of Sustainable Development and Tourism of Montenegro \/ 2018 \u2013 Second prize;<\/li>\n<li>Competition for the elaboration of the conceptual urban-architectural design of the tourist resort in \u010canj \/ Announced by: \u010celebi\u0107 d.o.o. Podgorica \/ 2018 \u2013 First prize;<\/li>\n<\/ul>\n<p>He also participated in the elaboration of the following theoretical research papers:<\/p>\n<ul>\n<li>Ralevi\u0107 Miodrag, \u0110urovi\u0107 Mladen, Birovljev Marija \u2013 \u201cModel visualization of the marketing system of housing\u201d chapter in the monograph \u201cStrategy of urbanization in conditions of uncertainty\u201d, edition \u201cUrbanology\u201d no.6, (pages 297-356, editors Nada Lazarevi\u0107-Bajec, Miodrag Ralevi\u0107, reviewer Prof. P. Badovinac, PhD, M. Kojovi\u0107, PhD), Faculty of Architecture, University of Belgrade, Belgrade, 1996;<\/li>\n<li>Ralevi\u0107 Miodrag, \u0110urovi\u0107 Mladen \u2013 \u201cLand territorialization in the function of urban development planning\u201d, chapters in the monograph \u201cCity land in the urban plan of local self-government\u201d, (pages 87-101), Serbian Town Planning Association, Belgrade, 1999;<\/li>\n<li>Popovi\u0107 S., \u0110urovi\u0107 M. \u2013 \u201cExperience of entrepreneurship and town planning in Montenegro\u201d, Proceedings of the professional-scientific consultation of the First Millennium Town Planning Meeting of the 21st Century \u201cUrban Management, Urban Marketing and Entrepreneurship\u201d, Vr\u0161a\u010dka Banja, 25-27 April 2001;<\/li>\n<li>Popovi\u0107 S., \u0110urovi\u0107 M. \u2013 \u201cPlace and role of participants in the new Law on Planning and Development and the Law on State Survey and Real Estate Cadastre\u201d, Proceedings of the summer school of town planning in Zlatibor, June 8, 2009 \u201cStatus of certified architect and engineers in civil engineering\u201d, edited by Du\u0161an Mini\u0107, Serbian Town Planning Association, Belgrade in 2009;<\/li>\n<li>Popovi\u0107 S., \u0110urovi\u0107 M. \u2013 \u201cTown planning, development of settlements and the function of urban centres\u201d, Sectoral study SS-AE for the preparation of the SP of Montenegro, July 2005;<\/li>\n<li>Ralevi\u0107 Miodrag, \u0110urovi\u0107 Mladen, Jak\u0161i\u0107 Ljiljana \u2013 \u201cRelation to urban heritage &#8211; as a path through time\u201d, Proceedings of the consultation \u201cUrban and architectural heritage on the threshold of the 3rd millennium\u201d, CEP \u201c99\u201d, Perast, 1999;<\/li>\n<li>Velibor Spalevi\u0107, Goran Barovi\u0107, Alenka Fikfak, Saja Kosanovi\u0107, Mladen \u0110urovi\u0107, Svetislav Popovi\u0107 \u2013 \u201cRisk assessment-soil erosion\u201d, \u201cSEDIMENT YIELD AND LAND USE CHANGES IN THE NORTHERN MONTENEGRIN WATERSHEDS: CASE STUDY OF SEOCKI POTOK OF THE POLIMLJE REGION\u201d, published in the Journal of Environmental Protection and Ecology, No 3, 990-1002, 2016;<\/li>\n<\/ul>\n<p>He now lives in Podgorica, with his wife Mirka, with whom he has Martina, Simona and Matija\u0161.<\/p>\n\t\t\t\t\t\t\t\t<\/div>\n\t\t\t\t<\/div>\n\t\t\t\t<\/div>\n\t\t\t\t\t<\/div>\n\t\t\t\t<\/div>\n\t\t\t\t<\/div>\n\t\t","protected":false},"excerpt":{"rendered":"<p>Mladen \u0110urovi\u0107, PhD, Arch. Born on 7 October 1962 in Podgorica, where he completed elementary and high school. In 1988, he completed undergraduate studies in Architecture at the Faculty of Architecture in Skopje, and in the same institution he also completed the degree of Master in Architecture in 2008. He obtained a PhD in Architecture [&hellip;]<\/p>\n","protected":false},"author":1,"featured_media":0,"parent":0,"menu_order":0,"comment_status":"closed","ping_status":"closed","template":"","meta":{"_seopress_robots_primary_cat":"","_seopress_titles_title":"","_seopress_titles_desc":"","_seopress_robots_index":"","footnotes":""},"class_list":["post-2183","page","type-page","status-publish","hentry"],"_links":{"self":[{"href":"https:\/\/arhitektonskiatelje.com\/en\/wp-json\/wp\/v2\/pages\/2183","targetHints":{"allow":["GET"]}}],"collection":[{"href":"https:\/\/arhitektonskiatelje.com\/en\/wp-json\/wp\/v2\/pages"}],"about":[{"href":"https:\/\/arhitektonskiatelje.com\/en\/wp-json\/wp\/v2\/types\/page"}],"author":[{"embeddable":true,"href":"https:\/\/arhitektonskiatelje.com\/en\/wp-json\/wp\/v2\/users\/1"}],"replies":[{"embeddable":true,"href":"https:\/\/arhitektonskiatelje.com\/en\/wp-json\/wp\/v2\/comments?post=2183"}],"version-history":[{"count":0,"href":"https:\/\/arhitektonskiatelje.com\/en\/wp-json\/wp\/v2\/pages\/2183\/revisions"}],"wp:attachment":[{"href":"https:\/\/arhitektonskiatelje.com\/en\/wp-json\/wp\/v2\/media?parent=2183"}],"curies":[{"name":"wp","href":"https:\/\/api.w.org\/{rel}","templated":true}]}}