{"id":2586,"date":"2023-02-02T19:52:39","date_gmt":"2023-02-02T18:52:39","guid":{"rendered":"https:\/\/arhitektonskiatelje.com\/mimar-dr-mladen-durovic\/"},"modified":"2023-03-22T13:23:03","modified_gmt":"2023-03-22T12:23:03","slug":"mimar-dr-mladen-durovic","status":"publish","type":"page","link":"https:\/\/arhitektonskiatelje.com\/tr\/mimar-dr-mladen-durovic\/","title":{"rendered":"Mimar Dr. Mladen \u0110urovi\u0107"},"content":{"rendered":"\t\t<div data-elementor-type=\"wp-page\" data-elementor-id=\"2586\" class=\"elementor elementor-2586 elementor-1240\" data-elementor-post-type=\"page\">\n\t\t\t\t<div class=\"elementor-element elementor-element-a2ddec9 e-con-full e-flex e-con e-parent\" data-id=\"a2ddec9\" data-element_type=\"container\" data-e-type=\"container\" data-settings=\"{&quot;jet_parallax_layout_list&quot;:[],&quot;background_background&quot;:&quot;slideshow&quot;,&quot;background_slideshow_gallery&quot;:[{&quot;id&quot;:53,&quot;url&quot;:&quot;https:\\\/\\\/arhitektonskiatelje.com\\\/wp-content\\\/uploads\\\/aa_office_2.jpg&quot;},{&quot;id&quot;:55,&quot;url&quot;:&quot;https:\\\/\\\/arhitektonskiatelje.com\\\/wp-content\\\/uploads\\\/aa_office_3.jpg&quot;},{&quot;id&quot;:57,&quot;url&quot;:&quot;https:\\\/\\\/arhitektonskiatelje.com\\\/wp-content\\\/uploads\\\/aa_office_4.jpg&quot;},{&quot;id&quot;:59,&quot;url&quot;:&quot;https:\\\/\\\/arhitektonskiatelje.com\\\/wp-content\\\/uploads\\\/aa_office_5.jpg&quot;},{&quot;id&quot;:63,&quot;url&quot;:&quot;https:\\\/\\\/arhitektonskiatelje.com\\\/wp-content\\\/uploads\\\/aa_office_7.jpg&quot;},{&quot;id&quot;:65,&quot;url&quot;:&quot;https:\\\/\\\/arhitektonskiatelje.com\\\/wp-content\\\/uploads\\\/aa_office_8.jpg&quot;},{&quot;id&quot;:51,&quot;url&quot;:&quot;https:\\\/\\\/arhitektonskiatelje.com\\\/wp-content\\\/uploads\\\/aa_office_1-scaled.jpg&quot;},{&quot;id&quot;:82,&quot;url&quot;:&quot;https:\\\/\\\/arhitektonskiatelje.com\\\/wp-content\\\/uploads\\\/aa_office_13.jpg&quot;}],&quot;background_slideshow_slide_duration&quot;:3000,&quot;background_slideshow_loop&quot;:&quot;yes&quot;,&quot;background_slideshow_slide_transition&quot;:&quot;fade&quot;,&quot;background_slideshow_transition_duration&quot;:500}\">\n\t\t\t\t<div class=\"elementor-element elementor-element-cfd7ea0 elementor-invisible elementor-widget elementor-widget-heading\" data-id=\"cfd7ea0\" data-element_type=\"widget\" data-e-type=\"widget\" data-settings=\"{&quot;_animation&quot;:&quot;fadeInLeft&quot;,&quot;_animation_delay&quot;:500}\" data-widget_type=\"heading.default\">\n\t\t\t\t<div class=\"elementor-widget-container\">\n\t\t\t\t\t<h1 class=\"elementor-heading-title elementor-size-default\">Mimar Dr. Mladen \u0110urovi\u0107<\/h1>\t\t\t\t<\/div>\n\t\t\t\t<\/div>\n\t\t\t\t<\/div>\n\t\t<div class=\"elementor-element elementor-element-65f8682 e-flex e-con-boxed e-con e-parent\" data-id=\"65f8682\" data-element_type=\"container\" data-e-type=\"container\" data-settings=\"{&quot;jet_parallax_layout_list&quot;:[],&quot;background_background&quot;:&quot;classic&quot;}\">\n\t\t\t\t\t<div class=\"e-con-inner\">\n\t\t<div class=\"elementor-element elementor-element-ecc6b04 e-con-full e-flex elementor-invisible e-con e-child\" data-id=\"ecc6b04\" data-element_type=\"container\" data-e-type=\"container\" data-settings=\"{&quot;jet_parallax_layout_list&quot;:[],&quot;animation&quot;:&quot;fadeInUp&quot;}\">\n\t\t\t\t<div class=\"elementor-element elementor-element-775f698 elementor-widget elementor-widget-text-editor\" data-id=\"775f698\" data-element_type=\"widget\" data-e-type=\"widget\" data-widget_type=\"text-editor.default\">\n\t\t\t\t<div class=\"elementor-widget-container\">\n\t\t\t\t\t\t\t\t\t<p>7 Ekim 1962&#8217;de ilk orta \u00f6\u011frenimini bitirdi, Podgor\u0131ca do\u011fumlu.<\/p>\n<p>1988 y\u0131l\u0131nda \u00dcsk\u00fcp Mimarl\u0131k Fak\u00fcltesinden mezuniyetiyle M\u00fchendis unvan\u0131 , gene ayn\u0131 kurumdan 2008 y\u0131l\u0131nda y\u00fcksek lisans unvan\u0131n\u0131 ald\u0131.<\/p>\n<p>Mimarl\u0131k Dokt\u00f6ra unvan\u0131<\/p>\n<p>2016 y\u0131l\u0131nda Banja Luka \u0130n\u015faat \u2013 Mimarl\u0131k Fak\u00fcltesinde ald\u0131.<\/p>\n<p>1989 y\u0131l\u0131nda Titograd&#8217;da RO \u201eCentar\u201c ve \u00a0RZUP&#8217;ta mimar pozisiyonunda \u00e7al\u0131\u015farak i\u015f tecr\u00fcbesi kazanmaya ba\u015flad\u0131. Mimar pozisiyonundaki i\u015f tecr\u00fcbesini a\u015fa\u011f\u0131daki alanlarda devam ettirdi:<\/p>\n<ul>\n<li>\u201cArcus Projcesit\u201d, Podgoricada, 1990\u2019lar;<\/li>\n<li>\u201cArcada\u201d, Belgrat, 1991-1992;<\/li>\n<li>\u201cIncoplan\u201d, Titograd, 1992-1993;<\/li>\n<li>\u201cLov\u0107en Invest\u201d, Podgoricada, 1993-1995;<\/li>\n<li>DD \u201cZ&amp;Z\u201d, Podgoricada, 1995-1996;<\/li>\n<li>\u201cIncoplan\u201d, Podgoricada, 1996-1999;<\/li>\n<li>1999-da mimar ve icra direkt\u00f6r\u00fc olarak Podgorica\u2019da bulunan \u201cArhitektonski atelje\u201d d.o.o. f\u0131rmas\u0131n\u0131 \u00a0kurdu, bug\u00fcne kadar y\u00f6neticile\u011fini yapmaktad\u0131r<\/li>\n<\/ul>\n<p>\u201cArhitektonski atelje\u201d d.o.o. f\u0131rmas\u0131n\u0131 \u00a0kurdu, bug\u00fcne kadar y\u00f6neticile\u011fini yapmaktad\u0131r<\/p>\n<p>Bir kat\u0131l\u0131mc\u0131 olarak \u201cArhitektonskog atelje\u201d \u00f6n\u00fcnde, Karada\u011f ve \u00e7evresindeki mimari ve kentsel ihale \u00e7\u00f6z\u00fcmleri ile ilgili \u00e7ok say\u0131da \u00f6d\u00fcl kazand\u0131. \u00d6ne \u00e7\u0131kanlar:<\/p>\n<ul>\n<li>Podgorica\u2019da i\u015f tesisin ihalesi \/ \u0130haleyi ilan eden: Avrupa \u0130mar Ajans\u0131 \u00a0\u00a0ve Podgorica \u0130n\u015faat ve Kalk\u0131nma Ajans\u0131 \/ 2004 y\u0131l\u0131nda \u2013 Birincilik \u00f6d\u00fcl\u00fc;<\/li>\n<li>Cumhuriyet meydan yap\u0131m ihalesi (Ba\u011f\u0131ms\u0131zl\u0131k Meydan\u0131) \/ \u0130haleyi ilan eden: Podgorica \u0130n\u015faat ve Geli\u015ftirme Ajans\u0131 \/ 2006 y\u0131l\u0131nda \u2013 Birincilik \u00f6d\u00fcl\u00fc;<\/li>\n<li>Banja Luka Meydan yap\u0131m\u0131n ihalesi \/ \u0130haleyi ilan eden: \u0130ntegral \u0130n\u017eenjering, Banja Luka\u00a0\u00a0\u00a0\u00a0\u00a0\u00a0\u00a0\u00a0\u00a0\u00a0\u00a0\u00a0\u00a0\u00a0 \/ 2006 y\u0131l\u0131nda \u2013 \u00a0Birincilik \u00f6d\u00fcl\u00fc;<\/li>\n<li>Danilovgrad Meydan\u0131n yap\u0131m ihalesi \/ \u0130haleyi ilan eden: Danilovgrad Belediyesi \/ 2008 y\u0131l\u0131nda \u2013\u00a0 Birincilik \u00f6d\u00fcl\u00fc;<\/li>\n<li>Podgorica\u2019daki CANU binas\u0131 i\u00e7in kavramsal bir kentsel- mimari \u00e7\u00f6zum ihalesi \/ \u0130haleyi ilan eden: Bay\u0131nd\u0131rl\u0131k ve Milli Savunma Bakanl\u0131\u011f\u0131 \u00a0\/ 2008 y\u0131l\u0131nda \u2013 Birincilik \u00f6d\u00fcl\u00fc;<\/li>\n<li>Herceg Novi\u2019deki Lazaret otel kompleksin ihalesi \/ \u0130haleyi ilan eden: Imperio Holdings Limited d.o.o. Herceg Novi \/ 2015 y\u0131l\u0131nda \u2013 Birincilik \u00f6d\u00fcl\u00fc;<\/li>\n<li>Podgorica\u2019daki CANU tesisin kentsel-mimari \u00e7\u00f6z\u00fcm\u00fcn ihalesi\/ \u0130haleyi ilan eden: Ba\u015fkent Podgorica \/ 2017 y\u0131l\u0131nda \u2013 \u00dc\u00e7\u00fcnc\u00fcl\u00fck \u00f6d\u00fcl\u00fc;<\/li>\n<li>Podgorica\u2019daki Sadine b\u00f6lgesinin kentle\u015fme y\u00f6ntemi i\u00e7in \u00f6nerileri i\u00e7eren kentsel-mimari \u00e7\u00f6z\u00fcm ihalesi \/ Raspisiva\u010d konkursa: \u0130haleyi ilan eden: Kalk\u0131nma ve Turizm Bakanl\u0131\u011f\u0131 ile i\u015fbirli\u011fi i\u00e7inde Podgorica\u00a0 Ba\u015fkenti \/ 2018 y\u0131l\u0131nda \u2013 \u0130kincilik \u00f6d\u00fcl\u00fc;<\/li>\n<li>\u010canj\u2019daki\u00a0 turizim kompleksinin kavramsal kentsel-mimari \u00e7\u00f6z\u00fcm ihalesi \/ \u0130haleyi ilan eden: \u010celebi\u0107 d.o.o. Podgorica \/ \/ 2018 y\u0131l\u0131nda \u2013 Birincilik \u00f6d\u00fcl\u00fc;<\/li>\n<\/ul>\n<p>Ayr\u0131ca a\u015fa\u011f\u0131daki bilimsel-teorik \u00e7al\u0131\u015fmalar\u0131n yarat\u0131lmas\u0131na katk\u0131da bulunuldu:<\/p>\n<ul>\n<li>Ralevi\u0107 Miodrag, \u0110urovi\u0107 Mladen, Birovljev Marija \u2013 \u201cModelska vizuelizacija marketing sistema stanovanja\u201d monograftaki b\u00f6l\u00fcm \u201cStrategija urbanizacije u uslovima neizvesnosti\u201d, bask\u0131 \u201cUrbanologija\u201d no.6, (sayfa 297-356 , edit\u00f6rler Nada Lazarevi\u0107-Bajec, Miodrag Ralevi\u0107, ele\u015ftirmen Profes\u00f6r\u00a0 P. Badovinac, dr M. Kojovi\u0107), Belgrad Mimarl\u0131k \u00dcniversitesi , Belgrad, 1996 y\u0131l\u0131;<\/li>\n<li>Ralevi\u0107 Miodrag, \u0110urovi\u0107 Mladen \u2013\u201cTeritorijalizacija zemlji\u0161ta u funkciji planiranja urbanog razvoja\u201d ve\u00a0 \u201cGradsko zemlji\u0161te u urbanisti\u010dkom planu lokalne samouprave\u201d monografisindeki b\u00f6l\u00fcmler, ( sayfa 87-101 strane), S\u0131rb\u0131stan \u015eehirciler Derne\u011fi , Belgrad, 1999 y\u0131l\u0131;<\/li>\n<li>Popovi\u0107 S., \u0110urovi\u0107 M. \u2013 \u201cKarada\u011f\u2019da giri\u015fimcilik ve \u015fehir planlanma deneyimi\u201d, 21. Y\u00fczy\u0131l\u0131n birinci Biny\u0131l\u0131k \u015eehirciler toplant\u0131s\u0131, \u201cKentsel Y\u00f6netim, Kentsel Pazarlama ve Giri\u015fimcilik\u201d, \u00a0uzman-bilimsel dan\u0131\u015fma tutanaklar\u0131, Vrnja\u010dka Banja, 25-27. Nisan, 2001 y\u0131l\u0131;<\/li>\n<li>Popovi\u0107 S., \u0110urovi\u0107 M. \u2013 \u201cYeni Planlanma ve \u0130mar Kanunu ile Devlet Et\u00fct ve Emlak Kadastro Kanununda kat\u0131l\u0131mc\u0131lar\u0131n yeri ve rol\u00fc, \u00a0Zlatibor\u2019daki \u015fehircilik yaz okulu tutanaklar\u0131, 08. Haziran 2009 y\u0131l\u0131nda \u00a0\u201c \u0130n\u015faat sekt\u00f6r\u00fcndeki yetkili mimar ve m\u00fchendisin stat\u00fcs\u00fc \u201d, edit\u00f6r Du\u0161an Mini\u0107, S\u0131rbistan \u015eehir Planc\u0131lar\u0131n Derne\u011fi, Belgrad 2009;<\/li>\n<li>Popovi\u0107 S., \u0110urovi\u0107 M. \u2013 \u201eKentle\u015fme,kentle\u015fmi\u015f merkezlerin yerle\u015fim geli\u015fimi \u00a0ve i\u015flevi\u201c, Karada\u011f PP s\u0131n\u0131n haz\u0131rlanmas\u0131 ihtiya\u00e7lar\u0131 i\u00e7in SS-AE\u2019nin sekt\u00f6rel \u00e7al\u0131\u015fmas\u0131, Temmuz 2005;<\/li>\n<li>Ralevi\u0107 Miodrag, \u0110urovi\u0107 Mladen, Jak\u0161i\u0107 Ljiljana \u2013 \u201cKar\u015f\u0131 Tutum kentsel miras \u2013 zaman i\u00e7inde bir yol\u201d, 3. biny\u0131l\u0131n e\u015fi\u011finde kentsel ve mimari miras\u201cdan\u0131\u015fma tutanaklar\u0131, CEP \u201d99\u201d, Perast, 1999 y\u0131l\u0131;<\/li>\n<li>Velibor Spalevi\u0107, Goran Barovi\u0107, Alenka Fikfak, Saja Kosanovi\u0107, Mladen \u0110urovi\u0107, Svetislav Popovi\u0107 \u2013 \u201cRisk de\u011ferlendirmesi \u2013 Toprak erozyonu (Risk assessment-soil erosion)\u201d, \u201cSEDIMENT YIELD AND LAND USE CHANGES IN THE NORTHERN MONTENEGRIN WATERSHEDS: CASE STUDY OF SEOCKI POTOK OF THE POLIMLJE REGION\u201d, \u00c7evre Koruma ve Ekoloji Dergisi, say\u0131 3, 990-1002, 2016 y\u0131l\u0131;<\/li>\n<\/ul>\n<p>Bug\u00fcne kadar, e\u015fi Mirka ve \u00e7ocuklar\u0131 Martin, Simon, Matija\u0161 ile, Podgorica\u2019da ya\u015f\u0131yor.<\/p>\n\t\t\t\t\t\t\t\t<\/div>\n\t\t\t\t<\/div>\n\t\t\t\t<\/div>\n\t\t\t\t\t<\/div>\n\t\t\t\t<\/div>\n\t\t\t\t<\/div>\n\t\t","protected":false},"excerpt":{"rendered":"<p>Mimar Dr. Mladen \u0110urovi\u0107 7 Ekim 1962&#8217;de ilk orta \u00f6\u011frenimini bitirdi, Podgor\u0131ca do\u011fumlu. 1988 y\u0131l\u0131nda \u00dcsk\u00fcp Mimarl\u0131k Fak\u00fcltesinden mezuniyetiyle M\u00fchendis unvan\u0131 , gene ayn\u0131 kurumdan 2008 y\u0131l\u0131nda y\u00fcksek lisans unvan\u0131n\u0131 ald\u0131. Mimarl\u0131k Dokt\u00f6ra unvan\u0131 2016 y\u0131l\u0131nda Banja Luka \u0130n\u015faat \u2013 Mimarl\u0131k Fak\u00fcltesinde ald\u0131. 1989 y\u0131l\u0131nda Titograd&#8217;da RO \u201eCentar\u201c ve \u00a0RZUP&#8217;ta mimar pozisiyonunda \u00e7al\u0131\u015farak i\u015f tecr\u00fcbesi [&hellip;]<\/p>\n","protected":false},"author":1,"featured_media":0,"parent":0,"menu_order":0,"comment_status":"closed","ping_status":"closed","template":"","meta":{"_seopress_robots_primary_cat":"","_seopress_titles_title":"","_seopress_titles_desc":"","_seopress_robots_index":"","footnotes":""},"class_list":["post-2586","page","type-page","status-publish","hentry"],"_links":{"self":[{"href":"https:\/\/arhitektonskiatelje.com\/tr\/wp-json\/wp\/v2\/pages\/2586","targetHints":{"allow":["GET"]}}],"collection":[{"href":"https:\/\/arhitektonskiatelje.com\/tr\/wp-json\/wp\/v2\/pages"}],"about":[{"href":"https:\/\/arhitektonskiatelje.com\/tr\/wp-json\/wp\/v2\/types\/page"}],"author":[{"embeddable":true,"href":"https:\/\/arhitektonskiatelje.com\/tr\/wp-json\/wp\/v2\/users\/1"}],"replies":[{"embeddable":true,"href":"https:\/\/arhitektonskiatelje.com\/tr\/wp-json\/wp\/v2\/comments?post=2586"}],"version-history":[{"count":0,"href":"https:\/\/arhitektonskiatelje.com\/tr\/wp-json\/wp\/v2\/pages\/2586\/revisions"}],"wp:attachment":[{"href":"https:\/\/arhitektonskiatelje.com\/tr\/wp-json\/wp\/v2\/media?parent=2586"}],"curies":[{"name":"wp","href":"https:\/\/api.w.org\/{rel}","templated":true}]}}