{"id":2588,"date":"2022-12-08T08:00:14","date_gmt":"2022-12-08T07:00:14","guid":{"rendered":"https:\/\/arhitektonskiatelje.com\/iletisim\/"},"modified":"2023-03-22T13:26:29","modified_gmt":"2023-03-22T12:26:29","slug":"iletisim","status":"publish","type":"page","link":"https:\/\/arhitektonskiatelje.com\/tr\/iletisim\/","title":{"rendered":"\u0130leti\u015fim"},"content":{"rendered":"\t\t<div data-elementor-type=\"wp-page\" data-elementor-id=\"2588\" class=\"elementor elementor-2588 elementor-142\" data-elementor-post-type=\"page\">\n\t\t\t\t<div class=\"elementor-element elementor-element-f0397f1 e-con-full e-flex e-con e-parent\" data-id=\"f0397f1\" data-element_type=\"container\" data-e-type=\"container\" data-settings=\"{&quot;jet_parallax_layout_list&quot;:[],&quot;background_background&quot;:&quot;classic&quot;}\">\n\t\t\t\t<div class=\"elementor-element elementor-element-f19e06c elementor-invisible elementor-widget elementor-widget-heading\" data-id=\"f19e06c\" data-element_type=\"widget\" data-e-type=\"widget\" data-settings=\"{&quot;_animation&quot;:&quot;fadeInLeft&quot;,&quot;_animation_delay&quot;:500}\" data-widget_type=\"heading.default\">\n\t\t\t\t<div class=\"elementor-widget-container\">\n\t\t\t\t\t<h1 class=\"elementor-heading-title elementor-size-default\">\u0130leti\u015fim<\/h1>\t\t\t\t<\/div>\n\t\t\t\t<\/div>\n\t\t\t\t<\/div>\n\t\t<div class=\"elementor-element elementor-element-83a7d82 e-flex e-con-boxed e-con e-parent\" data-id=\"83a7d82\" data-element_type=\"container\" data-e-type=\"container\" data-settings=\"{&quot;jet_parallax_layout_list&quot;:[],&quot;background_background&quot;:&quot;classic&quot;}\">\n\t\t\t\t\t<div class=\"e-con-inner\">\n\t\t<div class=\"elementor-element elementor-element-da1509b e-con-full e-flex elementor-invisible e-con e-child\" data-id=\"da1509b\" data-element_type=\"container\" data-e-type=\"container\" data-settings=\"{&quot;jet_parallax_layout_list&quot;:[],&quot;animation&quot;:&quot;fadeInUp&quot;,&quot;animation_delay&quot;:250}\">\n\t\t\t\t<div class=\"elementor-element elementor-element-c45abda elementor-widget__width-initial elementor-view-default elementor-widget elementor-widget-icon\" data-id=\"c45abda\" data-element_type=\"widget\" data-e-type=\"widget\" data-widget_type=\"icon.default\">\n\t\t\t\t<div class=\"elementor-widget-container\">\n\t\t\t\t\t\t\t<div class=\"elementor-icon-wrapper\">\n\t\t\t<div class=\"elementor-icon\">\n\t\t\t<svg xmlns=\"http:\/\/www.w3.org\/2000\/svg\" viewBox=\"0 0 576 512\"><path d=\"M264 112C264 98.75 274.7 88 288 88C301.3 88 312 98.75 312 112C312 125.3 301.3 136 288 136C274.7 136 264 125.3 264 112zM273.2 311.1C241.1 271.9 168 174.6 168 120C168 53.73 221.7 0 288 0C354.3 0 408 53.73 408 120C408 174.6 334.9 271.9 302.8 311.1C295.1 321.6 280.9 321.6 273.2 311.1V311.1zM366.6 154.1C373.3 139 376 127.4 376 120C376 71.4 336.6 32 288 32C239.4 32 200 71.4 200 120C200 127.4 202.7 139 209.4 154.1C215.9 170.4 225.1 187.4 235.8 204.7C252.9 232.5 272.7 259.4 288 279.1C303.3 259.4 323.1 232.5 340.2 204.7C350.9 187.4 360.1 170.4 366.6 154.1V154.1zM405.9 222.9C405.1 223.2 404.3 223.4 403.4 223.6C411.6 209.5 419.1 194.9 425.2 180.7L543.1 133.5C558.9 127.2 576 138.8 576 155.8V426.6C576 436.4 570 445.2 560.9 448.9L405.9 510.9C402.6 512.2 399 512.4 395.6 511.4L176.9 448.9L32.91 506.5C17.15 512.8 0 501.2 0 484.2V213.4C0 203.6 5.975 194.8 15.09 191.1L138.3 141.9C140.4 152.3 143.6 162.7 147.5 172.6L32 218.8V472.4L160 421.2V303.1C160 295.2 167.2 287.1 176 287.1C184.8 287.1 192 295.2 192 303.1V419.9L384 474.8V303.1C384 295.2 391.2 287.1 400 287.1C408.8 287.1 416 295.2 416 303.1V472.4L544 421.2V167.6L405.9 222.9z\"><\/path><\/svg>\t\t\t<\/div>\n\t\t<\/div>\n\t\t\t\t\t\t<\/div>\n\t\t\t\t<\/div>\n\t\t\t\t<div class=\"elementor-element elementor-element-8798542 elementor-widget elementor-widget-text-editor\" data-id=\"8798542\" data-element_type=\"widget\" data-e-type=\"widget\" data-widget_type=\"text-editor.default\">\n\t\t\t\t<div class=\"elementor-widget-container\">\n\t\t\t\t\t\t\t\t\t<p><span style=\"color: #ffffff;\"><a style=\"color: #ffffff;\" href=\"https:\/\/www.google.com\/maps\/place\/ARHITEKTONSKI+ATELJE+d.o.o,+Podgorica\/@42.4395348,19.2411776,15z\/data=!4m2!3m1!1s0x0:0x3afe2cee521e7c5c?sa=X&amp;hl=bs&amp;ved=2ahUKEwjyvMza1fn8AhUYgosKHedADJ8Q_BJ6BAhDEAk\">Ankarski Bulvar\u0131 28 B, 1. kat,<\/a><\/span><br \/>\n<a href=\"https:\/\/www.google.com\/maps\/place\/ARHITEKTONSKI+ATELJE+d.o.o,+Podgorica\/@42.4395348,19.2411776,15z\/data=!4m2!3m1!1s0x0:0x3afe2cee521e7c5c?sa=X&amp;hl=bs&amp;ved=2ahUKEwjyvMza1fn8AhUYgosKHedADJ8Q_BJ6BAhDEAk\"><span style=\"color: #ffffff;\">81000 Podgorica, Karada\u011f<\/span><\/a><\/p>\n\t\t\t\t\t\t\t\t<\/div>\n\t\t\t\t<\/div>\n\t\t\t\t<\/div>\n\t\t<div class=\"elementor-element elementor-element-e0d871f e-con-full e-flex elementor-invisible e-con e-child\" data-id=\"e0d871f\" data-element_type=\"container\" data-e-type=\"container\" data-settings=\"{&quot;jet_parallax_layout_list&quot;:[],&quot;animation&quot;:&quot;fadeInUp&quot;,&quot;animation_delay&quot;:500}\">\n\t\t\t\t<div class=\"elementor-element elementor-element-7f8f41e elementor-widget__width-initial elementor-view-default elementor-widget elementor-widget-icon\" data-id=\"7f8f41e\" data-element_type=\"widget\" data-e-type=\"widget\" data-widget_type=\"icon.default\">\n\t\t\t\t<div class=\"elementor-widget-container\">\n\t\t\t\t\t\t\t<div class=\"elementor-icon-wrapper\">\n\t\t\t<div class=\"elementor-icon\">\n\t\t\t<svg xmlns=\"http:\/\/www.w3.org\/2000\/svg\" viewBox=\"0 0 512 512\"><path d=\"M484.6 330.6C484.6 330.6 484.6 330.6 484.6 330.6l-101.8-43.66c-18.5-7.688-40.2-2.375-52.75 13.08l-33.14 40.47C244.2 311.8 200.3 267.9 171.6 215.2l40.52-33.19c15.67-12.92 20.83-34.16 12.84-52.84L181.4 27.37C172.7 7.279 150.8-3.737 129.6 1.154L35.17 23.06C14.47 27.78 0 45.9 0 67.12C0 312.4 199.6 512 444.9 512c21.23 0 39.41-14.44 44.17-35.13l21.8-94.47C515.7 361.1 504.7 339.3 484.6 330.6zM457.9 469.7c-1.375 5.969-6.844 10.31-12.98 10.31c-227.7 0-412.9-185.2-412.9-412.9c0-6.188 4.234-11.48 10.34-12.88l94.41-21.91c1-.2344 2-.3438 2.984-.3438c5.234 0 10.11 3.094 12.25 8.031l43.58 101.7C197.9 147.2 196.4 153.5 191.8 157.3L141.3 198.7C135.6 203.4 133.8 211.4 137.1 218.1c33.38 67.81 89.11 123.5 156.9 156.9c6.641 3.313 14.73 1.531 19.44-4.219l41.39-50.5c3.703-4.563 10.16-6.063 15.5-3.844l101.6 43.56c5.906 2.563 9.156 8.969 7.719 15.22L457.9 469.7z\"><\/path><\/svg>\t\t\t<\/div>\n\t\t<\/div>\n\t\t\t\t\t\t<\/div>\n\t\t\t\t<\/div>\n\t\t\t\t<div class=\"elementor-element elementor-element-9ee96b0 elementor-widget elementor-widget-text-editor\" data-id=\"9ee96b0\" data-element_type=\"widget\" data-e-type=\"widget\" data-widget_type=\"text-editor.default\">\n\t\t\t\t<div class=\"elementor-widget-container\">\n\t\t\t\t\t\t\t\t\t<p>+382 20 245 647<br \/>+382 20 245 648<\/p>\n\t\t\t\t\t\t\t\t<\/div>\n\t\t\t\t<\/div>\n\t\t\t\t<\/div>\n\t\t<div class=\"elementor-element elementor-element-2e67d0e e-con-full e-flex elementor-invisible e-con e-child\" data-id=\"2e67d0e\" data-element_type=\"container\" data-e-type=\"container\" data-settings=\"{&quot;jet_parallax_layout_list&quot;:[],&quot;animation&quot;:&quot;fadeInUp&quot;,&quot;animation_delay&quot;:750}\">\n\t\t\t\t<div class=\"elementor-element elementor-element-30a05ed elementor-widget__width-initial elementor-view-default elementor-widget elementor-widget-icon\" data-id=\"30a05ed\" data-element_type=\"widget\" data-e-type=\"widget\" data-widget_type=\"icon.default\">\n\t\t\t\t<div class=\"elementor-widget-container\">\n\t\t\t\t\t\t\t<div class=\"elementor-icon-wrapper\">\n\t\t\t<div class=\"elementor-icon\">\n\t\t\t<svg xmlns=\"http:\/\/www.w3.org\/2000\/svg\" viewBox=\"0 0 512 512\"><path d=\"M496 192C487.2 192 480 199.2 480 208v256c0 8.836-7.164 16-16 16h-416C39.16 480 32 472.8 32 464v-256C32 199.2 24.84 192 16 192S0 199.2 0 208v256C0 490.5 21.49 512 48 512h416c26.51 0 48-21.49 48-47.1V208C512 199.2 504.8 192 496 192zM64.88 276.3C65.16 277.3 65.43 278.3 65.88 279.2c.4355 .8633 1.012 1.605 1.607 2.385c.6953 .9102 1.393 1.75 2.264 2.49c.2949 .25 .4434 .6035 .7598 .8359l132.8 97.72C218.7 393.1 236.9 399.1 256 399.1s37.3-6.023 52.7-17.4l132.8-97.72c.3164-.2324 .4648-.5859 .7598-.8359c.8711-.7402 1.568-1.58 2.264-2.49c.5957-.7793 1.172-1.521 1.607-2.385c.457-.8984 .7266-1.84 1.01-2.826c.3027-1.061 .5586-2.078 .6406-3.176C447.8 272.8 448 272.4 448 272v-224C448 21.53 426.5 0 400 0h-288C85.53 0 64 21.53 64 48v224c0 .4121 .2031 .7578 .2344 1.162C64.32 274.3 64.57 275.3 64.88 276.3zM96 48C96 39.19 103.2 32 112 32h288C408.8 32 416 39.19 416 48v215.9l-126.3 92.92c-19.78 14.62-47.64 14.62-67.45 0L96 263.9V48zM352 239.1c0-8.838-7.164-16-16-16h-160c-8.836 0-16 7.162-16 16c0 8.836 7.164 15.1 16 15.1h160C344.8 255.1 352 248.8 352 239.1zM176 159.1h160c8.836 0 16-7.164 16-15.1c0-8.838-7.164-15.1-16-15.1h-160c-8.836 0-16 7.162-16 15.1C160 152.8 167.2 159.1 176 159.1z\"><\/path><\/svg>\t\t\t<\/div>\n\t\t<\/div>\n\t\t\t\t\t\t<\/div>\n\t\t\t\t<\/div>\n\t\t\t\t<div class=\"elementor-element elementor-element-8a88b97 elementor-widget elementor-widget-text-editor\" data-id=\"8a88b97\" data-element_type=\"widget\" data-e-type=\"widget\" data-widget_type=\"text-editor.default\">\n\t\t\t\t<div class=\"elementor-widget-container\">\n\t\t\t\t\t\t\t\t\t<p><span style=\"color: #ffffff;\"><a style=\"color: #ffffff;\" href=\"mailto:arh.atelje@t-com.me\">arh.atelje@t-com.me<\/a><\/span><\/p>\n\t\t\t\t\t\t\t\t<\/div>\n\t\t\t\t<\/div>\n\t\t\t\t<\/div>\n\t\t\t\t\t<\/div>\n\t\t\t\t<\/div>\n\t\t\t\t<\/div>\n\t\t","protected":false},"excerpt":{"rendered":"<p>\u0130leti\u015fim Ankarski Bulvar\u0131 28 B, 1. kat, 81000 Podgorica, Karada\u011f +382 20 245 647+382 20 245 648 arh.atelje@t-com.me<\/p>\n","protected":false},"author":1,"featured_media":0,"parent":0,"menu_order":0,"comment_status":"closed","ping_status":"closed","template":"elementor_header_footer","meta":{"_seopress_robots_primary_cat":"","_seopress_titles_title":"","_seopress_titles_desc":"","_seopress_robots_index":"","footnotes":""},"class_list":["post-2588","page","type-page","status-publish","hentry"],"_links":{"self":[{"href":"https:\/\/arhitektonskiatelje.com\/tr\/wp-json\/wp\/v2\/pages\/2588","targetHints":{"allow":["GET"]}}],"collection":[{"href":"https:\/\/arhitektonskiatelje.com\/tr\/wp-json\/wp\/v2\/pages"}],"about":[{"href":"https:\/\/arhitektonskiatelje.com\/tr\/wp-json\/wp\/v2\/types\/page"}],"author":[{"embeddable":true,"href":"https:\/\/arhitektonskiatelje.com\/tr\/wp-json\/wp\/v2\/users\/1"}],"replies":[{"embeddable":true,"href":"https:\/\/arhitektonskiatelje.com\/tr\/wp-json\/wp\/v2\/comments?post=2588"}],"version-history":[{"count":0,"href":"https:\/\/arhitektonskiatelje.com\/tr\/wp-json\/wp\/v2\/pages\/2588\/revisions"}],"wp:attachment":[{"href":"https:\/\/arhitektonskiatelje.com\/tr\/wp-json\/wp\/v2\/media?parent=2588"}],"curies":[{"name":"wp","href":"https:\/\/api.w.org\/{rel}","templated":true}]}}