{"id":2592,"date":"2023-02-02T19:53:47","date_gmt":"2023-02-02T18:53:47","guid":{"rendered":"https:\/\/arhitektonskiatelje.com\/kadro\/"},"modified":"2023-06-09T16:10:31","modified_gmt":"2023-06-09T14:10:31","slug":"kadro","status":"publish","type":"page","link":"https:\/\/arhitektonskiatelje.com\/tr\/kadro\/","title":{"rendered":"Kadro"},"content":{"rendered":"\t\t<div data-elementor-type=\"wp-page\" data-elementor-id=\"2592\" class=\"elementor elementor-2592 elementor-1248\" data-elementor-post-type=\"page\">\n\t\t\t\t<div class=\"elementor-element elementor-element-5c7e6a5 e-con-full e-flex e-con e-parent\" data-id=\"5c7e6a5\" data-element_type=\"container\" data-e-type=\"container\" data-settings=\"{&quot;jet_parallax_layout_list&quot;:[],&quot;background_background&quot;:&quot;slideshow&quot;,&quot;background_slideshow_gallery&quot;:[{&quot;id&quot;:53,&quot;url&quot;:&quot;https:\\\/\\\/arhitektonskiatelje.com\\\/wp-content\\\/uploads\\\/aa_office_2.jpg&quot;},{&quot;id&quot;:55,&quot;url&quot;:&quot;https:\\\/\\\/arhitektonskiatelje.com\\\/wp-content\\\/uploads\\\/aa_office_3.jpg&quot;},{&quot;id&quot;:57,&quot;url&quot;:&quot;https:\\\/\\\/arhitektonskiatelje.com\\\/wp-content\\\/uploads\\\/aa_office_4.jpg&quot;},{&quot;id&quot;:59,&quot;url&quot;:&quot;https:\\\/\\\/arhitektonskiatelje.com\\\/wp-content\\\/uploads\\\/aa_office_5.jpg&quot;},{&quot;id&quot;:63,&quot;url&quot;:&quot;https:\\\/\\\/arhitektonskiatelje.com\\\/wp-content\\\/uploads\\\/aa_office_7.jpg&quot;},{&quot;id&quot;:65,&quot;url&quot;:&quot;https:\\\/\\\/arhitektonskiatelje.com\\\/wp-content\\\/uploads\\\/aa_office_8.jpg&quot;},{&quot;id&quot;:51,&quot;url&quot;:&quot;https:\\\/\\\/arhitektonskiatelje.com\\\/wp-content\\\/uploads\\\/aa_office_1-scaled.jpg&quot;},{&quot;id&quot;:82,&quot;url&quot;:&quot;https:\\\/\\\/arhitektonskiatelje.com\\\/wp-content\\\/uploads\\\/aa_office_13.jpg&quot;}],&quot;background_slideshow_slide_duration&quot;:3000,&quot;background_slideshow_loop&quot;:&quot;yes&quot;,&quot;background_slideshow_slide_transition&quot;:&quot;fade&quot;,&quot;background_slideshow_transition_duration&quot;:500}\">\n\t\t\t\t<div class=\"elementor-element elementor-element-fa3f4bb elementor-invisible elementor-widget elementor-widget-heading\" data-id=\"fa3f4bb\" data-element_type=\"widget\" data-e-type=\"widget\" data-settings=\"{&quot;_animation&quot;:&quot;fadeInLeft&quot;,&quot;_animation_delay&quot;:500}\" data-widget_type=\"heading.default\">\n\t\t\t\t<div class=\"elementor-widget-container\">\n\t\t\t\t\t<h1 class=\"elementor-heading-title elementor-size-default\">Kadro<\/h1>\t\t\t\t<\/div>\n\t\t\t\t<\/div>\n\t\t\t\t<\/div>\n\t\t<div class=\"elementor-element elementor-element-9e1b2dd e-flex e-con-boxed e-con e-parent\" data-id=\"9e1b2dd\" data-element_type=\"container\" data-e-type=\"container\" data-settings=\"{&quot;jet_parallax_layout_list&quot;:[],&quot;background_background&quot;:&quot;classic&quot;}\">\n\t\t\t\t\t<div class=\"e-con-inner\">\n\t\t<div class=\"elementor-element elementor-element-428430b e-flex e-con-boxed e-con e-child\" data-id=\"428430b\" data-element_type=\"container\" data-e-type=\"container\" data-settings=\"{&quot;jet_parallax_layout_list&quot;:[]}\">\n\t\t\t\t\t<div class=\"e-con-inner\">\n\t\t<div class=\"elementor-element elementor-element-e20897d e-con-full e-flex e-con e-child\" data-id=\"e20897d\" data-element_type=\"container\" data-e-type=\"container\" data-settings=\"{&quot;jet_parallax_layout_list&quot;:[]}\">\n\t\t\t\t<div class=\"elementor-element elementor-element-afdefd4 elementor-widget elementor-widget-heading\" data-id=\"afdefd4\" data-element_type=\"widget\" data-e-type=\"widget\" data-widget_type=\"heading.default\">\n\t\t\t\t<div class=\"elementor-widget-container\">\n\t\t\t\t\t<span class=\"elementor-heading-title elementor-size-default\">Kurucu, y\u00f6netici direkt\u00f6r, tasar\u0131mc\u0131 uzman Mladen \u0110urovi\u0107, muhendis mimar.<\/span>\t\t\t\t<\/div>\n\t\t\t\t<\/div>\n\t\t\t\t<\/div>\n\t\t<div class=\"elementor-element elementor-element-dfc012c e-con-full e-flex e-con e-child\" data-id=\"dfc012c\" data-element_type=\"container\" data-e-type=\"container\" data-settings=\"{&quot;jet_parallax_layout_list&quot;:[]}\">\n\t\t\t\t<div class=\"elementor-element elementor-element-432c807 elementor-widget elementor-widget-heading\" data-id=\"432c807\" data-element_type=\"widget\" data-e-type=\"widget\" data-widget_type=\"heading.default\">\n\t\t\t\t<div class=\"elementor-widget-container\">\n\t\t\t\t\t<span class=\"elementor-heading-title elementor-size-default\">Mimar Dr. Mladen \u0110urovi\u0107<\/span>\t\t\t\t<\/div>\n\t\t\t\t<\/div>\n\t\t\t\t<\/div>\n\t\t\t\t\t<\/div>\n\t\t\t\t<\/div>\n\t\t<div class=\"elementor-element elementor-element-56ee97e e-flex e-con-boxed e-con e-child\" data-id=\"56ee97e\" data-element_type=\"container\" data-e-type=\"container\" data-settings=\"{&quot;jet_parallax_layout_list&quot;:[]}\">\n\t\t\t\t\t<div class=\"e-con-inner\">\n\t\t<div class=\"elementor-element elementor-element-87ec96f e-con-full e-flex e-con e-child\" data-id=\"87ec96f\" data-element_type=\"container\" data-e-type=\"container\" data-settings=\"{&quot;jet_parallax_layout_list&quot;:[]}\">\n\t\t\t\t<div class=\"elementor-element elementor-element-a7036e1 elementor-widget elementor-widget-heading\" data-id=\"a7036e1\" data-element_type=\"widget\" data-e-type=\"widget\" data-widget_type=\"heading.default\">\n\t\t\t\t<div class=\"elementor-widget-container\">\n\t\t\t\t\t<span class=\"elementor-heading-title elementor-size-default\">finans, muhasebe, y\u00f6netim<\/span>\t\t\t\t<\/div>\n\t\t\t\t<\/div>\n\t\t\t\t<\/div>\n\t\t<div class=\"elementor-element elementor-element-9f241ca e-con-full e-flex e-con e-child\" data-id=\"9f241ca\" data-element_type=\"container\" data-e-type=\"container\" data-settings=\"{&quot;jet_parallax_layout_list&quot;:[]}\">\n\t\t\t\t<div class=\"elementor-element elementor-element-72f2d51 elementor-widget elementor-widget-heading\" data-id=\"72f2d51\" data-element_type=\"widget\" data-e-type=\"widget\" data-widget_type=\"heading.default\">\n\t\t\t\t<div class=\"elementor-widget-container\">\n\t\t\t\t\t<span class=\"elementor-heading-title elementor-size-default\">Rajka Bojovi\u0107<\/span>\t\t\t\t<\/div>\n\t\t\t\t<\/div>\n\t\t\t\t<\/div>\n\t\t\t\t\t<\/div>\n\t\t\t\t<\/div>\n\t\t<div class=\"elementor-element elementor-element-408bec0 e-flex e-con-boxed e-con e-child\" data-id=\"408bec0\" data-element_type=\"container\" data-e-type=\"container\" data-settings=\"{&quot;jet_parallax_layout_list&quot;:[]}\">\n\t\t\t\t\t<div class=\"e-con-inner\">\n\t\t<div class=\"elementor-element elementor-element-152f3a7 e-con-full e-flex e-con e-child\" data-id=\"152f3a7\" data-element_type=\"container\" data-e-type=\"container\" data-settings=\"{&quot;jet_parallax_layout_list&quot;:[]}\">\n\t\t\t\t<div class=\"elementor-element elementor-element-c710e68 elementor-widget elementor-widget-heading\" data-id=\"c710e68\" data-element_type=\"widget\" data-e-type=\"widget\" data-widget_type=\"heading.default\">\n\t\t\t\t<div class=\"elementor-widget-container\">\n\t\t\t\t\t<span class=\"elementor-heading-title elementor-size-default\">teknik bak\u0131m<\/span>\t\t\t\t<\/div>\n\t\t\t\t<\/div>\n\t\t\t\t<\/div>\n\t\t<div class=\"elementor-element elementor-element-9662220 e-con-full e-flex e-con e-child\" data-id=\"9662220\" data-element_type=\"container\" data-e-type=\"container\" data-settings=\"{&quot;jet_parallax_layout_list&quot;:[]}\">\n\t\t\t\t<div class=\"elementor-element elementor-element-954970d elementor-widget elementor-widget-heading\" data-id=\"954970d\" data-element_type=\"widget\" data-e-type=\"widget\" data-widget_type=\"heading.default\">\n\t\t\t\t<div class=\"elementor-widget-container\">\n\t\t\t\t\t<span class=\"elementor-heading-title elementor-size-default\">\u0110oko Asanovi\u0107<\/span>\t\t\t\t<\/div>\n\t\t\t\t<\/div>\n\t\t\t\t<\/div>\n\t\t\t\t\t<\/div>\n\t\t\t\t<\/div>\n\t\t<div class=\"elementor-element elementor-element-4968b86 e-flex e-con-boxed e-con e-child\" data-id=\"4968b86\" data-element_type=\"container\" data-e-type=\"container\" data-settings=\"{&quot;jet_parallax_layout_list&quot;:[]}\">\n\t\t\t\t\t<div class=\"e-con-inner\">\n\t\t<div class=\"elementor-element elementor-element-8118bd4 e-con-full e-flex e-con e-child\" data-id=\"8118bd4\" data-element_type=\"container\" data-e-type=\"container\" data-settings=\"{&quot;jet_parallax_layout_list&quot;:[]}\">\n\t\t\t\t<div class=\"elementor-element elementor-element-eaa1bb3 elementor-widget elementor-widget-heading\" data-id=\"eaa1bb3\" data-element_type=\"widget\" data-e-type=\"widget\" data-widget_type=\"heading.default\">\n\t\t\t\t<div class=\"elementor-widget-container\">\n\t\t\t\t\t<span class=\"elementor-heading-title elementor-size-default\">mimari projeler<\/span>\t\t\t\t<\/div>\n\t\t\t\t<\/div>\n\t\t\t\t<\/div>\n\t\t<div class=\"elementor-element elementor-element-dd520e8 e-con-full e-flex e-con e-child\" data-id=\"dd520e8\" data-element_type=\"container\" data-e-type=\"container\" data-settings=\"{&quot;jet_parallax_layout_list&quot;:[]}\">\n\t\t\t\t<div class=\"elementor-element elementor-element-6687dc0 elementor-widget elementor-widget-heading\" data-id=\"6687dc0\" data-element_type=\"widget\" data-e-type=\"widget\" data-widget_type=\"heading.default\">\n\t\t\t\t<div class=\"elementor-widget-container\">\n\t\t\t\t\t<span class=\"elementor-heading-title elementor-size-default\">Dra\u017een Juri\u0161i\u0107 mimar  <\/span>\t\t\t\t<\/div>\n\t\t\t\t<\/div>\n\t\t\t\t<div class=\"elementor-element elementor-element-1c77f89 elementor-widget elementor-widget-heading\" data-id=\"1c77f89\" data-element_type=\"widget\" data-e-type=\"widget\" data-widget_type=\"heading.default\">\n\t\t\t\t<div class=\"elementor-widget-container\">\n\t\t\t\t\t<span class=\"elementor-heading-title elementor-size-default\">Ivana Juri\u0161i\u0107, mimar<\/span>\t\t\t\t<\/div>\n\t\t\t\t<\/div>\n\t\t\t\t<div class=\"elementor-element elementor-element-799e3f6 elementor-widget elementor-widget-heading\" data-id=\"799e3f6\" data-element_type=\"widget\" data-e-type=\"widget\" data-widget_type=\"heading.default\">\n\t\t\t\t<div class=\"elementor-widget-container\">\n\t\t\t\t\t<span class=\"elementor-heading-title elementor-size-default\">Ana Mijovi\u0107 \u0110okovi\u0107, mimar <\/span>\t\t\t\t<\/div>\n\t\t\t\t<\/div>\n\t\t\t\t<div class=\"elementor-element elementor-element-08aa953 elementor-widget elementor-widget-heading\" data-id=\"08aa953\" data-element_type=\"widget\" data-e-type=\"widget\" data-widget_type=\"heading.default\">\n\t\t\t\t<div class=\"elementor-widget-container\">\n\t\t\t\t\t<span class=\"elementor-heading-title elementor-size-default\">Goran \u0110uri\u0161i\u0107, mimar  <\/span>\t\t\t\t<\/div>\n\t\t\t\t<\/div>\n\t\t\t\t<div class=\"elementor-element elementor-element-e8c9363 elementor-widget elementor-widget-heading\" data-id=\"e8c9363\" data-element_type=\"widget\" data-e-type=\"widget\" data-widget_type=\"heading.default\">\n\t\t\t\t<div class=\"elementor-widget-container\">\n\t\t\t\t\t<span class=\"elementor-heading-title elementor-size-default\">Andrija A\u0107imi\u0107, makine m\u00fchendisi<\/span>\t\t\t\t<\/div>\n\t\t\t\t<\/div>\n\t\t\t\t<div class=\"elementor-element elementor-element-28c531c elementor-widget elementor-widget-heading\" data-id=\"28c531c\" data-element_type=\"widget\" data-e-type=\"widget\" data-widget_type=\"heading.default\">\n\t\t\t\t<div class=\"elementor-widget-container\">\n\t\t\t\t\t<span class=\"elementor-heading-title elementor-size-default\">Milisav Vukadinovi\u0107, mimar <\/span>\t\t\t\t<\/div>\n\t\t\t\t<\/div>\n\t\t\t\t<div class=\"elementor-element elementor-element-54f27d8 elementor-widget elementor-widget-heading\" data-id=\"54f27d8\" data-element_type=\"widget\" data-e-type=\"widget\" data-widget_type=\"heading.default\">\n\t\t\t\t<div class=\"elementor-widget-container\">\n\t\t\t\t\t<span class=\"elementor-heading-title elementor-size-default\">Tamara Uli\u0107evi\u0107, mimar <\/span>\t\t\t\t<\/div>\n\t\t\t\t<\/div>\n\t\t\t\t<div class=\"elementor-element elementor-element-1cdf7af elementor-widget elementor-widget-heading\" data-id=\"1cdf7af\" data-element_type=\"widget\" data-e-type=\"widget\" data-widget_type=\"heading.default\">\n\t\t\t\t<div class=\"elementor-widget-container\">\n\t\t\t\t\t<span class=\"elementor-heading-title elementor-size-default\">\u0110or\u0111e Doderovi\u0107, mimar<\/span>\t\t\t\t<\/div>\n\t\t\t\t<\/div>\n\t\t\t\t<div class=\"elementor-element elementor-element-cb2dff6 elementor-widget elementor-widget-heading\" data-id=\"cb2dff6\" data-element_type=\"widget\" data-e-type=\"widget\" data-widget_type=\"heading.default\">\n\t\t\t\t<div class=\"elementor-widget-container\">\n\t\t\t\t\t<span class=\"elementor-heading-title elementor-size-default\">Ana Jovovi\u0107, mimar<\/span>\t\t\t\t<\/div>\n\t\t\t\t<\/div>\n\t\t\t\t<\/div>\n\t\t\t\t\t<\/div>\n\t\t\t\t<\/div>\n\t\t<div class=\"elementor-element elementor-element-e460123 e-flex e-con-boxed e-con e-child\" data-id=\"e460123\" data-element_type=\"container\" data-e-type=\"container\" data-settings=\"{&quot;jet_parallax_layout_list&quot;:[]}\">\n\t\t\t\t\t<div class=\"e-con-inner\">\n\t\t<div class=\"elementor-element elementor-element-0049c15 e-con-full e-flex e-con e-child\" data-id=\"0049c15\" data-element_type=\"container\" data-e-type=\"container\" data-settings=\"{&quot;jet_parallax_layout_list&quot;:[]}\">\n\t\t\t\t<div class=\"elementor-element elementor-element-458c5dd elementor-widget elementor-widget-heading\" data-id=\"458c5dd\" data-element_type=\"widget\" data-e-type=\"widget\" data-widget_type=\"heading.default\">\n\t\t\t\t<div class=\"elementor-widget-container\">\n\t\t\t\t\t<span class=\"elementor-heading-title elementor-size-default\">bina in\u015faat projeleri, \u015fantiye organizasyon projeleri<\/span>\t\t\t\t<\/div>\n\t\t\t\t<\/div>\n\t\t\t\t<\/div>\n\t\t<div class=\"elementor-element elementor-element-9dea6ee e-con-full e-flex e-con e-child\" data-id=\"9dea6ee\" data-element_type=\"container\" data-e-type=\"container\" data-settings=\"{&quot;jet_parallax_layout_list&quot;:[]}\">\n\t\t\t\t<div class=\"elementor-element elementor-element-b743776 elementor-widget elementor-widget-heading\" data-id=\"b743776\" data-element_type=\"widget\" data-e-type=\"widget\" data-widget_type=\"heading.default\">\n\t\t\t\t<div class=\"elementor-widget-container\">\n\t\t\t\t\t<span class=\"elementor-heading-title elementor-size-default\">Dragan Tasi\u0107, in\u015faat m\u00fchendisi<\/span>\t\t\t\t<\/div>\n\t\t\t\t<\/div>\n\t\t\t\t<div class=\"elementor-element elementor-element-e9437ac elementor-widget elementor-widget-heading\" data-id=\"e9437ac\" data-element_type=\"widget\" data-e-type=\"widget\" data-widget_type=\"heading.default\">\n\t\t\t\t<div class=\"elementor-widget-container\">\n\t\t\t\t\t<span class=\"elementor-heading-title elementor-size-default\">Dragana Jovanovi\u0107  in\u015faat m\u00fchendisi<\/span>\t\t\t\t<\/div>\n\t\t\t\t<\/div>\n\t\t\t\t<div class=\"elementor-element elementor-element-a4df7d1 elementor-widget elementor-widget-heading\" data-id=\"a4df7d1\" data-element_type=\"widget\" data-e-type=\"widget\" data-widget_type=\"heading.default\">\n\t\t\t\t<div class=\"elementor-widget-container\">\n\t\t\t\t\t<span class=\"elementor-heading-title elementor-size-default\">Nata\u0161a Bogi\u0107evi\u0107 in\u015faat m\u00fchendisi<\/span>\t\t\t\t<\/div>\n\t\t\t\t<\/div>\n\t\t\t\t<\/div>\n\t\t\t\t\t<\/div>\n\t\t\t\t<\/div>\n\t\t<div class=\"elementor-element elementor-element-06c8b7d e-flex e-con-boxed e-con e-child\" data-id=\"06c8b7d\" data-element_type=\"container\" data-e-type=\"container\" data-settings=\"{&quot;jet_parallax_layout_list&quot;:[]}\">\n\t\t\t\t\t<div class=\"e-con-inner\">\n\t\t<div class=\"elementor-element elementor-element-b61be05 e-con-full e-flex e-con e-child\" data-id=\"b61be05\" data-element_type=\"container\" data-e-type=\"container\" data-settings=\"{&quot;jet_parallax_layout_list&quot;:[]}\">\n\t\t\t\t<div class=\"elementor-element elementor-element-44ad270 elementor-widget elementor-widget-heading\" data-id=\"44ad270\" data-element_type=\"widget\" data-e-type=\"widget\" data-widget_type=\"heading.default\">\n\t\t\t\t<div class=\"elementor-widget-container\">\n\t\t\t\t\t<span class=\"elementor-heading-title elementor-size-default\"> su temini ve kanalizasyon tesisatlar\u0131n in\u015faat projeleri<\/span>\t\t\t\t<\/div>\n\t\t\t\t<\/div>\n\t\t\t\t<\/div>\n\t\t<div class=\"elementor-element elementor-element-b710379 e-con-full e-flex e-con e-child\" data-id=\"b710379\" data-element_type=\"container\" data-e-type=\"container\" data-settings=\"{&quot;jet_parallax_layout_list&quot;:[]}\">\n\t\t\t\t<div class=\"elementor-element elementor-element-f4fe649 elementor-widget elementor-widget-heading\" data-id=\"f4fe649\" data-element_type=\"widget\" data-e-type=\"widget\" data-widget_type=\"heading.default\">\n\t\t\t\t<div class=\"elementor-widget-container\">\n\t\t\t\t\t<span class=\"elementor-heading-title elementor-size-default\"> Kristina Stoji\u0107, in\u015faat m\u00fchendisi<\/span>\t\t\t\t<\/div>\n\t\t\t\t<\/div>\n\t\t\t\t<\/div>\n\t\t\t\t\t<\/div>\n\t\t\t\t<\/div>\n\t\t<div class=\"elementor-element elementor-element-a148274 e-flex e-con-boxed e-con e-child\" data-id=\"a148274\" data-element_type=\"container\" data-e-type=\"container\" data-settings=\"{&quot;jet_parallax_layout_list&quot;:[]}\">\n\t\t\t\t\t<div class=\"e-con-inner\">\n\t\t<div class=\"elementor-element elementor-element-c91a973 e-con-full e-flex e-con e-child\" data-id=\"c91a973\" data-element_type=\"container\" data-e-type=\"container\" data-settings=\"{&quot;jet_parallax_layout_list&quot;:[]}\">\n\t\t\t\t<div class=\"elementor-element elementor-element-c54c8e4 elementor-widget elementor-widget-heading\" data-id=\"c54c8e4\" data-element_type=\"widget\" data-e-type=\"widget\" data-widget_type=\"heading.default\">\n\t\t\t\t<div class=\"elementor-widget-container\">\n\t\t\t\t\t<span class=\"elementor-heading-title elementor-size-default\">mekanik projeler<\/span>\t\t\t\t<\/div>\n\t\t\t\t<\/div>\n\t\t\t\t<\/div>\n\t\t<div class=\"elementor-element elementor-element-973bcd3 e-con-full e-flex e-con e-child\" data-id=\"973bcd3\" data-element_type=\"container\" data-e-type=\"container\" data-settings=\"{&quot;jet_parallax_layout_list&quot;:[]}\">\n\t\t\t\t<div class=\"elementor-element elementor-element-9f9dd29 elementor-widget elementor-widget-heading\" data-id=\"9f9dd29\" data-element_type=\"widget\" data-e-type=\"widget\" data-widget_type=\"heading.default\">\n\t\t\t\t<div class=\"elementor-widget-container\">\n\t\t\t\t\t<span class=\"elementor-heading-title elementor-size-default\">Andrija Be\u0161i\u0107, makine m\u00fchendisi<\/span>\t\t\t\t<\/div>\n\t\t\t\t<\/div>\n\t\t\t\t<\/div>\n\t\t\t\t\t<\/div>\n\t\t\t\t<\/div>\n\t\t\t\t\t<\/div>\n\t\t\t\t<\/div>\n\t\t\t\t<\/div>\n\t\t","protected":false},"excerpt":{"rendered":"<p>Kadro Kurucu, y\u00f6netici direkt\u00f6r, tasar\u0131mc\u0131 uzman Mladen \u0110urovi\u0107, muhendis mimar. Mimar Dr. Mladen \u0110urovi\u0107 finans, muhasebe, y\u00f6netim Rajka Bojovi\u0107 teknik bak\u0131m \u0110oko Asanovi\u0107 mimari projeler Dra\u017een Juri\u0161i\u0107 mimar Ivana Juri\u0161i\u0107, mimar Ana Mijovi\u0107 \u0110okovi\u0107, mimar Goran \u0110uri\u0161i\u0107, mimar Andrija A\u0107imi\u0107, makine m\u00fchendisi Milisav Vukadinovi\u0107, mimar Tamara Uli\u0107evi\u0107, mimar \u0110or\u0111e Doderovi\u0107, mimar Ana Jovovi\u0107, mimar bina [&hellip;]<\/p>\n","protected":false},"author":1,"featured_media":0,"parent":0,"menu_order":0,"comment_status":"closed","ping_status":"closed","template":"","meta":{"_seopress_robots_primary_cat":"","_seopress_titles_title":"","_seopress_titles_desc":"","_seopress_robots_index":"","footnotes":""},"class_list":["post-2592","page","type-page","status-publish","hentry"],"_links":{"self":[{"href":"https:\/\/arhitektonskiatelje.com\/tr\/wp-json\/wp\/v2\/pages\/2592","targetHints":{"allow":["GET"]}}],"collection":[{"href":"https:\/\/arhitektonskiatelje.com\/tr\/wp-json\/wp\/v2\/pages"}],"about":[{"href":"https:\/\/arhitektonskiatelje.com\/tr\/wp-json\/wp\/v2\/types\/page"}],"author":[{"embeddable":true,"href":"https:\/\/arhitektonskiatelje.com\/tr\/wp-json\/wp\/v2\/users\/1"}],"replies":[{"embeddable":true,"href":"https:\/\/arhitektonskiatelje.com\/tr\/wp-json\/wp\/v2\/comments?post=2592"}],"version-history":[{"count":3,"href":"https:\/\/arhitektonskiatelje.com\/tr\/wp-json\/wp\/v2\/pages\/2592\/revisions"}],"predecessor-version":[{"id":2680,"href":"https:\/\/arhitektonskiatelje.com\/tr\/wp-json\/wp\/v2\/pages\/2592\/revisions\/2680"}],"wp:attachment":[{"href":"https:\/\/arhitektonskiatelje.com\/tr\/wp-json\/wp\/v2\/media?parent=2592"}],"curies":[{"name":"wp","href":"https:\/\/api.w.org\/{rel}","templated":true}]}}